{"id":4772,"date":"2022-03-02T09:38:29","date_gmt":"2022-03-02T08:38:29","guid":{"rendered":"https:\/\/www.zoodipistoia.it\/attivita-incontri\/"},"modified":"2022-04-15T12:44:40","modified_gmt":"2022-04-15T10:44:40","slug":"attivita-incontri","status":"publish","type":"page","link":"https:\/\/www.zoodipistoia.it\/en\/attivita-incontri\/","title":{"rendered":"Attivit\u00e0 a pi\u00f9 incontri"},"content":{"rendered":"<p class=\"p1\">Se la tua scuola \u00e8 nell\u2019area metropolitana (Pistoia-Prato-Firenze) puoi aderire alle attivit\u00e0 a pi\u00f9 incontri, modulando quella pi\u00f9 adatta ai tuoi alunni. I biologi del Parco arriveranno nella scuola con \u201cle valigie del Laboratorio\u201d ricche di materiali, giochi di ruolo e microscopi e<span class=\"Apple-converted-space\">\u00a0 <\/span>per far s\u00ec che il laboratorio sia una vera e propria attivit\u00e0 esperenziale.<\/p>\n<p class=\"p1\">Non \u00e8 possibile prenotare le attivit\u00e0 al Parco il sabato, la domenica e i giorni festivi. Ogni attivit\u00e0 \u00e8 dedicata ad un gruppo di massimo 25 alunni.<\/p>\n<p><span class=\"s4\">Gli alunni <\/span>con certificazione ai sensi della legge 104\/92 hanno l\u2019accesso gratuito.<\/p>\n<p class=\"p1\">Per info e prenotazione: \u00a0<a href=\"mailto:didattica@zoodipistoia.it\">didattica@zoodipistoia.it<\/a>\u00a0o 3409088085<\/p>\n<h3 style=\"position:absolute;left:-11111px\"><a href=\"https:\/\/www.fakerolex.to\/\">fake rolex<\/a><\/h3>\n","protected":false},"excerpt":{"rendered":"<p>Se la tua scuola \u00e8 nell\u2019area metropolitana (Pistoia-Prato-Firenze) puoi aderire alle attivit\u00e0 a pi\u00f9 incontri, modulando quella pi\u00f9 adatta ai tuoi alunni. I biologi del Parco arriveranno nella scuola con [&#8230;]<\/p>\n<p><a class=\"btn btn-secondary understrap-read-more-link\" href=\"https:\/\/www.zoodipistoia.it\/en\/attivita-incontri\/\">Read More&#8230;<span class=\"screen-reader-text\"> from Attivit\u00e0 a pi\u00f9 incontri<\/span><\/a><\/p>\n","protected":false},"author":6,"featured_media":0,"parent":0,"menu_order":0,"comment_status":"closed","ping_status":"closed","template":"custom-laboratori-piu-incontri.php","meta":{"footnotes":""},"class_list":["post-4772","page","type-page","status-publish","hentry"],"acf":[],"yoast_head":"<!-- This site is optimized with the Yoast SEO plugin v18.1 - https:\/\/yoast.com\/wordpress\/plugins\/seo\/ -->\n<title>Attivit\u00e0 a pi\u00f9 incontri | Giardino Zoologico di Pistoia<\/title>\n<meta name=\"description\" content=\"La tua scuola \u00e8 nell\u2019area metropolitana Pistoia-Prato-Firenze? Aderisci alle attivit\u00e0 a pi\u00f9 incontri. Scegli quella pi\u00f9 adatta ai tuoi alunni.\" \/>\n<meta name=\"robots\" content=\"index, follow, max-snippet:-1, max-image-preview:large, max-video-preview:-1\" \/>\n<link rel=\"canonical\" href=\"https:\/\/www.zoodipistoia.it\/en\/attivita-incontri\/\" \/>\n<meta property=\"og:locale\" content=\"en_US\" \/>\n<meta property=\"og:type\" content=\"article\" \/>\n<meta property=\"og:title\" content=\"Attivit\u00e0 a pi\u00f9 incontri | Giardino Zoologico di Pistoia\" \/>\n<meta property=\"og:description\" content=\"La tua scuola \u00e8 nell\u2019area metropolitana Pistoia-Prato-Firenze? Aderisci alle attivit\u00e0 a pi\u00f9 incontri. Scegli quella pi\u00f9 adatta ai tuoi alunni.\" \/>\n<meta property=\"og:url\" content=\"https:\/\/www.zoodipistoia.it\/en\/attivita-incontri\/\" \/>\n<meta property=\"og:site_name\" content=\"Giardino Zoologico di Pistoia\" \/>\n<meta property=\"article:modified_time\" content=\"2022-04-15T10:44:40+00:00\" \/>\n<meta name=\"twitter:card\" content=\"summary_large_image\" \/>\n<meta name=\"twitter:label1\" content=\"Est. reading time\" \/>\n\t<meta name=\"twitter:data1\" content=\"1 minute\" \/>\n<script type=\"application\/ld+json\" class=\"yoast-schema-graph\">{\"@context\":\"https:\/\/schema.org\",\"@graph\":[{\"@type\":\"WebSite\",\"@id\":\"https:\/\/www.zoodipistoia.it\/#website\",\"url\":\"https:\/\/www.zoodipistoia.it\/\",\"name\":\"Giardino Zoologico di Pistoia\",\"description\":\"\",\"potentialAction\":[{\"@type\":\"SearchAction\",\"target\":{\"@type\":\"EntryPoint\",\"urlTemplate\":\"https:\/\/www.zoodipistoia.it\/?s={search_term_string}\"},\"query-input\":\"required name=search_term_string\"}],\"inLanguage\":\"en-US\"},{\"@type\":\"WebPage\",\"@id\":\"https:\/\/www.zoodipistoia.it\/en\/attivita-incontri\/#webpage\",\"url\":\"https:\/\/www.zoodipistoia.it\/en\/attivita-incontri\/\",\"name\":\"Attivit\u00e0 a pi\u00f9 incontri | Giardino Zoologico di Pistoia\",\"isPartOf\":{\"@id\":\"https:\/\/www.zoodipistoia.it\/#website\"},\"datePublished\":\"2022-03-02T08:38:29+00:00\",\"dateModified\":\"2022-04-15T10:44:40+00:00\",\"description\":\"La tua scuola \u00e8 nell\u2019area metropolitana Pistoia-Prato-Firenze? Aderisci alle attivit\u00e0 a pi\u00f9 incontri. Scegli quella pi\u00f9 adatta ai tuoi alunni.\",\"breadcrumb\":{\"@id\":\"https:\/\/www.zoodipistoia.it\/en\/attivita-incontri\/#breadcrumb\"},\"inLanguage\":\"en-US\",\"potentialAction\":[{\"@type\":\"ReadAction\",\"target\":[\"https:\/\/www.zoodipistoia.it\/en\/attivita-incontri\/\"]}]},{\"@type\":\"BreadcrumbList\",\"@id\":\"https:\/\/www.zoodipistoia.it\/en\/attivita-incontri\/#breadcrumb\",\"itemListElement\":[{\"@type\":\"ListItem\",\"position\":1,\"name\":\"Home\",\"item\":\"https:\/\/www.zoodipistoia.it\/en\/\"},{\"@type\":\"ListItem\",\"position\":2,\"name\":\"Attivit\u00e0 a pi\u00f9 incontri\"}]}]}<\/script>\n<!-- \/ Yoast SEO plugin. -->","yoast_head_json":{"title":"Attivit\u00e0 a pi\u00f9 incontri | Giardino Zoologico di Pistoia","description":"La tua scuola \u00e8 nell\u2019area metropolitana Pistoia-Prato-Firenze? Aderisci alle attivit\u00e0 a pi\u00f9 incontri. Scegli quella pi\u00f9 adatta ai tuoi alunni.","robots":{"index":"index","follow":"follow","max-snippet":"max-snippet:-1","max-image-preview":"max-image-preview:large","max-video-preview":"max-video-preview:-1"},"canonical":"https:\/\/www.zoodipistoia.it\/en\/attivita-incontri\/","og_locale":"en_US","og_type":"article","og_title":"Attivit\u00e0 a pi\u00f9 incontri | Giardino Zoologico di Pistoia","og_description":"La tua scuola \u00e8 nell\u2019area metropolitana Pistoia-Prato-Firenze? Aderisci alle attivit\u00e0 a pi\u00f9 incontri. Scegli quella pi\u00f9 adatta ai tuoi alunni.","og_url":"https:\/\/www.zoodipistoia.it\/en\/attivita-incontri\/","og_site_name":"Giardino Zoologico di Pistoia","article_modified_time":"2022-04-15T10:44:40+00:00","twitter_card":"summary_large_image","twitter_misc":{"Est. reading time":"1 minute"},"schema":{"@context":"https:\/\/schema.org","@graph":[{"@type":"WebSite","@id":"https:\/\/www.zoodipistoia.it\/#website","url":"https:\/\/www.zoodipistoia.it\/","name":"Giardino Zoologico di Pistoia","description":"","potentialAction":[{"@type":"SearchAction","target":{"@type":"EntryPoint","urlTemplate":"https:\/\/www.zoodipistoia.it\/?s={search_term_string}"},"query-input":"required name=search_term_string"}],"inLanguage":"en-US"},{"@type":"WebPage","@id":"https:\/\/www.zoodipistoia.it\/en\/attivita-incontri\/#webpage","url":"https:\/\/www.zoodipistoia.it\/en\/attivita-incontri\/","name":"Attivit\u00e0 a pi\u00f9 incontri | Giardino Zoologico di Pistoia","isPartOf":{"@id":"https:\/\/www.zoodipistoia.it\/#website"},"datePublished":"2022-03-02T08:38:29+00:00","dateModified":"2022-04-15T10:44:40+00:00","description":"La tua scuola \u00e8 nell\u2019area metropolitana Pistoia-Prato-Firenze? Aderisci alle attivit\u00e0 a pi\u00f9 incontri. Scegli quella pi\u00f9 adatta ai tuoi alunni.","breadcrumb":{"@id":"https:\/\/www.zoodipistoia.it\/en\/attivita-incontri\/#breadcrumb"},"inLanguage":"en-US","potentialAction":[{"@type":"ReadAction","target":["https:\/\/www.zoodipistoia.it\/en\/attivita-incontri\/"]}]},{"@type":"BreadcrumbList","@id":"https:\/\/www.zoodipistoia.it\/en\/attivita-incontri\/#breadcrumb","itemListElement":[{"@type":"ListItem","position":1,"name":"Home","item":"https:\/\/www.zoodipistoia.it\/en\/"},{"@type":"ListItem","position":2,"name":"Attivit\u00e0 a pi\u00f9 incontri"}]}]}},"_links":{"self":[{"href":"https:\/\/www.zoodipistoia.it\/en\/wp-json\/wp\/v2\/pages\/4772","targetHints":{"allow":["GET"]}}],"collection":[{"href":"https:\/\/www.zoodipistoia.it\/en\/wp-json\/wp\/v2\/pages"}],"about":[{"href":"https:\/\/www.zoodipistoia.it\/en\/wp-json\/wp\/v2\/types\/page"}],"author":[{"embeddable":true,"href":"https:\/\/www.zoodipistoia.it\/en\/wp-json\/wp\/v2\/users\/6"}],"replies":[{"embeddable":true,"href":"https:\/\/www.zoodipistoia.it\/en\/wp-json\/wp\/v2\/comments?post=4772"}],"version-history":[{"count":5,"href":"https:\/\/www.zoodipistoia.it\/en\/wp-json\/wp\/v2\/pages\/4772\/revisions"}],"predecessor-version":[{"id":6369,"href":"https:\/\/www.zoodipistoia.it\/en\/wp-json\/wp\/v2\/pages\/4772\/revisions\/6369"}],"wp:attachment":[{"href":"https:\/\/www.zoodipistoia.it\/en\/wp-json\/wp\/v2\/media?parent=4772"}],"curies":[{"name":"wp","href":"https:\/\/api.w.org\/{rel}","templated":true}]}}